{"id":4471,"date":"2021-09-05T22:16:13","date_gmt":"2021-09-05T22:16:13","guid":{"rendered":"http:\/\/www.malagahockey1991.es\/?post_type=product&#038;p=4471"},"modified":"2022-09-01T07:28:15","modified_gmt":"2022-09-01T07:28:15","slug":"pantalon-chandal-tk-rojo","status":"publish","type":"product","link":"https:\/\/www.malagahockey1991.es\/?product=pantalon-chandal-tk-rojo","title":{"rendered":"Pantal\u00f3n Ch\u00e1ndal TK (Rojo)"},"content":{"rendered":"<p>Pantal\u00f3n del Ch\u00e1ndal TK con el estampado del Club Deportivo M\u00e1laga 91.<\/p>\n","protected":false},"excerpt":{"rendered":"<p>Pantal\u00f3n del Ch\u00e1ndal TK con el estampado del Club Deportivo M\u00e1laga 91.<\/p>\n","protected":false},"featured_media":4444,"template":"","meta":{"_price":"10","_stock":null,"_tribe_ticket_header":"","_tribe_default_ticket_provider":"","_tribe_ticket_capacity":"0","_ticket_start_date":"","_ticket_end_date":"","_tribe_ticket_show_description":"","_tribe_ticket_show_not_going":false,"_tribe_ticket_use_global_stock":"","_tribe_ticket_global_stock_level":"","_global_stock_mode":"","_global_stock_cap":"","_tribe_rsvp_for_event":"","_tribe_ticket_going_count":"","_tribe_ticket_not_going_count":"","_tribe_tickets_list":"[]","_tribe_ticket_has_attendee_info_fields":false},"product_brand":[],"product_cat":[34],"product_tag":[41],"class_list":{"0":"post-4471","1":"product","2":"type-product","3":"status-publish","4":"has-post-thumbnail","6":"product_cat-pantalones","7":"product_tag-ropa-deportiva","9":"first","10":"instock","11":"shipping-taxable","12":"purchasable","13":"product-type-variable"},"_links":{"self":[{"href":"https:\/\/www.malagahockey1991.es\/index.php?rest_route=\/wp\/v2\/product\/4471","targetHints":{"allow":["GET"]}}],"collection":[{"href":"https:\/\/www.malagahockey1991.es\/index.php?rest_route=\/wp\/v2\/product"}],"about":[{"href":"https:\/\/www.malagahockey1991.es\/index.php?rest_route=\/wp\/v2\/types\/product"}],"wp:featuredmedia":[{"embeddable":true,"href":"https:\/\/www.malagahockey1991.es\/index.php?rest_route=\/wp\/v2\/media\/4444"}],"wp:attachment":[{"href":"https:\/\/www.malagahockey1991.es\/index.php?rest_route=%2Fwp%2Fv2%2Fmedia&parent=4471"}],"wp:term":[{"taxonomy":"product_brand","embeddable":true,"href":"https:\/\/www.malagahockey1991.es\/index.php?rest_route=%2Fwp%2Fv2%2Fproduct_brand&post=4471"},{"taxonomy":"product_cat","embeddable":true,"href":"https:\/\/www.malagahockey1991.es\/index.php?rest_route=%2Fwp%2Fv2%2Fproduct_cat&post=4471"},{"taxonomy":"product_tag","embeddable":true,"href":"https:\/\/www.malagahockey1991.es\/index.php?rest_route=%2Fwp%2Fv2%2Fproduct_tag&post=4471"}],"curies":[{"name":"wp","href":"https:\/\/api.w.org\/{rel}","templated":true}]}}